{"id":210,"date":"2016-05-23T06:27:22","date_gmt":"2016-05-23T04:27:22","guid":{"rendered":"https:\/\/eraskolan.se\/?page_id=210"},"modified":"2024-12-17T13:10:20","modified_gmt":"2024-12-17T12:10:20","slug":"jobba-hos-oss","status":"publish","type":"page","link":"https:\/\/eraskolan.se\/?page_id=210","title":{"rendered":"Jobba hos oss"},"content":{"rendered":"<p><span class=\"\" style=\"display:block;clear:both;height: 0px;padding-top: 20px;border-top-width:0px;border-bottom-width:0px;\"><\/span><br \/>\n<span class=\"services-headline\">Jobba hos oss!<\/span><br \/>\n<span class=\"jobba-text\">Tillh\u00f6r du ocks\u00e5 kategorin l\u00e4rare-som-verkligen-vill-att-skolan-ska vara-bra? Kom, jobba med oss! P\u00e5 Eraskolan f\u00e5r l\u00e4rare vara l\u00e4rare. Vi arbetar h\u00e5rt f\u00f6r att vi tillsammans ska skapa en bra arbetsmilj\u00f6 f\u00f6r s\u00e5v\u00e4l v\u00e5ra elever som oss sj\u00e4lva. H\u00e4r f\u00e5r du kontinuitet och har en skolledning med vetenskaplig kompetens och stor l\u00e4rarerfarenhet sj\u00e4lva. Allt f\u00f6r att vi tillsammans ska f\u00e5 en rolig, givande, utmanande, sp\u00e4nnande arbetsvardag.<br \/>\n<\/span><\/p>\n<p><span class=\"jobba-text\">V\u00e5ra l\u00e4rare har en l\u00e4gre &#8221;usk&#8221; \u00e4n andra. V\u00e5ra l\u00e4rare har mer tid till att m\u00f6ta varje elev. V\u00e5ra l\u00e4rare hinner med.<\/span><br \/>\n<span class=\"jobba-text\">V\u00e5ra annonaserade tj\u00e4nster hittar du p\u00e5 Platsbanken (n\u00e4r s\u00e5 \u00e4r aktuellt). Vi s\u00f6ker dock alltid efter att hitta &#8221;r\u00e4tt&#8221; person till &#8221;r\u00e4tt&#8221; jobb.<br \/>\n\u00c4r det Eraskolan du ska jobba p\u00e5? H\u00f6r av dig. Vi tar g\u00e4rna emot ditt CV. (Skickas till rektor Fredrik P\u00e5hlsson, fredrik.pahlsson@eraskolan.se)<\/span><br \/>\n<span class=\"jobba-text\">\u00c4r du behov av ett jobb &#8221;vid sidan av&#8221;. Vi s\u00f6ker alltid efter bra vikarier till v\u00e5r vikariepool!<\/span><\/p>\n<ul>\n<li><span class=\"jobba-text\">Tim- och dagsvikarier till v\u00e5r vikariepool. Mejla info@smaskolan.se f\u00f6r mer information!<\/span><\/li>\n<\/ul>\n<p style=\"text-align: center;\"><iframe loading=\"lazy\" src=\"https:\/\/www.youtube.com\/embed\/_MjDKCfrnZA\" width=\"560\" height=\"315\" frameborder=\"0\" allowfullscreen=\"allowfullscreen\"><\/iframe><\/p>\n","protected":false},"excerpt":{"rendered":"<p>Jobba hos oss! Tillh\u00f6r du ocks\u00e5 kategorin l\u00e4rare-som-verkligen-vill-att-skolan-ska vara-bra? Kom, jobba med oss! P\u00e5 Eraskolan f\u00e5r l\u00e4rare vara l\u00e4rare. Vi arbetar h\u00e5rt f\u00f6r att vi tillsammans ska skapa en bra arbetsmilj\u00f6 f\u00f6r s\u00e5v\u00e4l v\u00e5ra elever som oss sj\u00e4lva. H\u00e4r f\u00e5r du kontinuitet och har en skolledning med vetenskaplig kompetens och stor l\u00e4rarerfarenhet sj\u00e4lva. Allt f\u00f6r&#8230;<\/p>\n","protected":false},"author":1,"featured_media":0,"parent":0,"menu_order":0,"comment_status":"closed","ping_status":"closed","template":"","meta":{"_kad_post_transparent":"","_kad_post_title":"","_kad_post_layout":"","_kad_post_sidebar_id":"","_kad_post_content_style":"","_kad_post_vertical_padding":"","_kad_post_feature":"","_kad_post_feature_position":"","_kad_post_header":false,"_kad_post_footer":false,"footnotes":""},"class_list":["post-210","page","type-page","status-publish","hentry"],"_links":{"self":[{"href":"https:\/\/eraskolan.se\/index.php?rest_route=\/wp\/v2\/pages\/210","targetHints":{"allow":["GET"]}}],"collection":[{"href":"https:\/\/eraskolan.se\/index.php?rest_route=\/wp\/v2\/pages"}],"about":[{"href":"https:\/\/eraskolan.se\/index.php?rest_route=\/wp\/v2\/types\/page"}],"author":[{"embeddable":true,"href":"https:\/\/eraskolan.se\/index.php?rest_route=\/wp\/v2\/users\/1"}],"replies":[{"embeddable":true,"href":"https:\/\/eraskolan.se\/index.php?rest_route=%2Fwp%2Fv2%2Fcomments&post=210"}],"version-history":[{"count":21,"href":"https:\/\/eraskolan.se\/index.php?rest_route=\/wp\/v2\/pages\/210\/revisions"}],"predecessor-version":[{"id":932,"href":"https:\/\/eraskolan.se\/index.php?rest_route=\/wp\/v2\/pages\/210\/revisions\/932"}],"wp:attachment":[{"href":"https:\/\/eraskolan.se\/index.php?rest_route=%2Fwp%2Fv2%2Fmedia&parent=210"}],"curies":[{"name":"wp","href":"https:\/\/api.w.org\/{rel}","templated":true}]}}