{"id":255,"date":"2016-05-24T11:26:20","date_gmt":"2016-05-24T09:26:20","guid":{"rendered":"https:\/\/eraskolan.se\/?page_id=255"},"modified":"2025-09-11T20:31:38","modified_gmt":"2025-09-11T18:31:38","slug":"ansokananmalan","status":"publish","type":"page","link":"https:\/\/eraskolan.se\/?page_id=255","title":{"rendered":"Ans\u00f6kan\/Anm\u00e4lan"},"content":{"rendered":"\n<p>Eraskolan (\u00e5k 3-6) erbjuder tillsammans med sin syskonskola Sm\u00e5skolan \u00e5rskurs F-6. <br>Vi tar emot elever i den ordning anm\u00e4lningarna kommer in till oss. Enda undantaget \u00e4r syskonf\u00f6rtur (f\u00f6r Sm\u00e5skolan &amp; Eraskolan tillsammans). I \u00f6vrigt allts\u00e5 f\u00f6rst till kvarn-principen.<\/p>\n\n\n\n<p>I m\u00e5n av plats tar vi g\u00e4rna emot elever i Eraskolans klasser, \u00e5rskurs 3-6. \u00c4ven om det inte finns en ledig plats f\u00f6r dagen s\u00e5 g\u00e5r det bra att l\u00e4mna en intresseanm\u00e4lan. N\u00e4r vi f\u00e5r en ledig plats fungerar det precis som ovan, f\u00f6rst till kvarn-principen (med enda undantaget syskonf\u00f6rtur).<br><br>G\u00e5 in p\u00e5 <a href=\"https:\/\/smaskolan.se\/?page_id=134\" data-type=\"URL\" data-id=\"https:\/\/smaskolan.se\/?page_id=134\">Sm\u00e5skolans och Eraskolans gemensamma anm\u00e4lningssida<\/a> och fyll i webbformul\u00e4ret eller skriv ut anm\u00e4lningsblanketten och skicka in!<\/p>\n\n\n\n<p>Har du fr\u00e5gor s\u00e5 \u00e4r du alltid varmt v\u00e4lkommen att h\u00f6ra av dig. 013-65000 (exp) eller <a href=\"mailto:info@eraskolan.se\">info@eraskolan.se<\/a><br><br>[F\u00f6r dig som redan har ditt barn p\u00e5 Eraskolan men \u00f6nskar anm\u00e4la ditt barn till 46:ans fritidsverksamhet s\u00e5 finns mer <a href=\"https:\/\/eraskolan.se\/?page_id=883\">information  h\u00e4r<\/a>.]<\/p>\n","protected":false},"excerpt":{"rendered":"<p>Eraskolan (\u00e5k 3-6) erbjuder tillsammans med sin syskonskola Sm\u00e5skolan \u00e5rskurs F-6. Vi tar emot elever i den ordning anm\u00e4lningarna kommer in till oss. Enda undantaget \u00e4r syskonf\u00f6rtur (f\u00f6r Sm\u00e5skolan &amp; Eraskolan tillsammans). I \u00f6vrigt allts\u00e5 f\u00f6rst till kvarn-principen. I m\u00e5n av plats tar vi g\u00e4rna emot elever i Eraskolans klasser, \u00e5rskurs 3-6. \u00c4ven om det&#8230;<\/p>\n","protected":false},"author":1,"featured_media":0,"parent":0,"menu_order":0,"comment_status":"closed","ping_status":"closed","template":"","meta":{"_kad_post_transparent":"","_kad_post_title":"","_kad_post_layout":"","_kad_post_sidebar_id":"","_kad_post_content_style":"","_kad_post_vertical_padding":"","_kad_post_feature":"","_kad_post_feature_position":"","_kad_post_header":false,"_kad_post_footer":false,"footnotes":""},"class_list":["post-255","page","type-page","status-publish","hentry"],"_links":{"self":[{"href":"https:\/\/eraskolan.se\/index.php?rest_route=\/wp\/v2\/pages\/255","targetHints":{"allow":["GET"]}}],"collection":[{"href":"https:\/\/eraskolan.se\/index.php?rest_route=\/wp\/v2\/pages"}],"about":[{"href":"https:\/\/eraskolan.se\/index.php?rest_route=\/wp\/v2\/types\/page"}],"author":[{"embeddable":true,"href":"https:\/\/eraskolan.se\/index.php?rest_route=\/wp\/v2\/users\/1"}],"replies":[{"embeddable":true,"href":"https:\/\/eraskolan.se\/index.php?rest_route=%2Fwp%2Fv2%2Fcomments&post=255"}],"version-history":[{"count":23,"href":"https:\/\/eraskolan.se\/index.php?rest_route=\/wp\/v2\/pages\/255\/revisions"}],"predecessor-version":[{"id":960,"href":"https:\/\/eraskolan.se\/index.php?rest_route=\/wp\/v2\/pages\/255\/revisions\/960"}],"wp:attachment":[{"href":"https:\/\/eraskolan.se\/index.php?rest_route=%2Fwp%2Fv2%2Fmedia&parent=255"}],"curies":[{"name":"wp","href":"https:\/\/api.w.org\/{rel}","templated":true}]}}