{"id":347,"date":"2017-02-14T10:49:19","date_gmt":"2017-02-14T09:49:19","guid":{"rendered":"https:\/\/eraskolan.se\/?page_id=347"},"modified":"2024-12-17T12:52:38","modified_gmt":"2024-12-17T11:52:38","slug":"intresserad","status":"publish","type":"page","link":"https:\/\/eraskolan.se\/?page_id=347","title":{"rendered":"Information f\u00f6r dig som \u00e4r intresserad"},"content":{"rendered":"<style>.wp-block-kadence-column.kb-section-dir-horizontal > .kt-inside-inner-col > .kt-info-box347_022121-c0 .kt-blocks-info-box-link-wrap{max-width:unset;}.kt-info-box347_022121-c0 .kt-blocks-info-box-link-wrap{border-top:5px solid var(--global-palette7, #eeeeee);border-right:5px solid var(--global-palette7, #eeeeee);border-bottom:5px solid var(--global-palette7, #eeeeee);border-left:5px solid var(--global-palette7, #eeeeee);background:#ffffff;padding-top:var(--global-kb-spacing-sm, 1.5rem);padding-right:var(--global-kb-spacing-sm, 1.5rem);padding-bottom:var(--global-kb-spacing-sm, 1.5rem);padding-left:var(--global-kb-spacing-sm, 1.5rem);margin-top:50px;}.kt-info-box347_022121-c0 .kadence-info-box-icon-container .kt-info-svg-icon, .kt-info-box347_022121-c0 .kt-info-svg-icon-flip, .kt-info-box347_022121-c0 .kt-blocks-info-box-number{font-size:50px;}.kt-info-box347_022121-c0 .kt-blocks-info-box-media{background:#ffffff;border-color:var(--global-palette7, #eeeeee);border-top-width:5px;border-right-width:5px;border-bottom-width:5px;border-left-width:5px;padding-top:20px;padding-right:20px;padding-bottom:20px;padding-left:20px;}.kt-info-box347_022121-c0 .kt-blocks-info-box-media-container{margin-top:-75px;margin-right:0px;margin-bottom:20px;margin-left:0px;}.kt-info-box347_022121-c0 .kt-infobox-textcontent h2.kt-blocks-info-box-title{padding-top:0px;padding-right:0px;padding-bottom:0px;padding-left:0px;margin-top:5px;margin-right:0px;margin-bottom:10px;margin-left:0px;}.kt-info-box347_022121-c0 .kt-blocks-info-box-learnmore{background:transparent;border-width:0px 0px 0px 0px;padding-top:4px;padding-right:8px;padding-bottom:4px;padding-left:8px;margin-top:10px;margin-right:0px;margin-bottom:10px;margin-left:0px;}@media all and (max-width: 1024px){.kt-info-box347_022121-c0 .kt-blocks-info-box-link-wrap{border-top:5px solid var(--global-palette7, #eeeeee);border-right:5px solid var(--global-palette7, #eeeeee);border-bottom:5px solid var(--global-palette7, #eeeeee);border-left:5px solid var(--global-palette7, #eeeeee);}}@media all and (max-width: 767px){.kt-info-box347_022121-c0 .kt-blocks-info-box-link-wrap{border-top:5px solid var(--global-palette7, #eeeeee);border-right:5px solid var(--global-palette7, #eeeeee);border-bottom:5px solid var(--global-palette7, #eeeeee);border-left:5px solid var(--global-palette7, #eeeeee);}}<\/style>\n<div class=\"wp-block-kadence-infobox kt-info-box347_022121-c0\"><span class=\"kt-blocks-info-box-link-wrap info-box-link kt-blocks-info-box-media-align-top kt-info-halign-left\"><div class=\"kt-blocks-info-box-media-container\"><div class=\"kt-blocks-info-box-media kt-info-media-animate-none\"><div class=\"kadence-info-box-icon-container kt-info-icon-animate-none\"><div class=\"kadence-info-box-icon-inner-container\"><span class=\"kb-svg-icon-wrap kb-svg-icon-fe_info kt-info-svg-icon\"><svg viewBox=\"0 0 24 24\"  fill=\"none\" stroke=\"currentColor\" stroke-width=\"2\" stroke-linecap=\"round\" stroke-linejoin=\"round\" xmlns=\"http:\/\/www.w3.org\/2000\/svg\"  aria-hidden=\"true\"><circle cx=\"12\" cy=\"12\" r=\"10\"\/><line x1=\"12\" y1=\"16\" x2=\"12\" y2=\"12\"\/><line x1=\"12\" y1=\"8\" x2=\"12\" y2=\"8\"\/><\/svg><\/span><\/div><\/div><\/div><\/div><div class=\"kt-infobox-textcontent\"><h2 class=\"kt-blocks-info-box-title\"><\/h2><p class=\"kt-blocks-info-box-text\">Visste du att valet av mellanstadieskola \u00e4r avg\u00f6rande f\u00f6r m\u00f6jligheterna till goda resultat i h\u00f6gstadiet ocks\u00e5? Med exempelvis 5 elever f\u00e4rre i klassen r\u00e4knar forskarna med 10% b\u00e4ttre resultat f\u00f6r eleverna. L\u00e4s mer nedan!<\/p><\/div><\/span><\/div>\n\n\n<style>.wp-block-kadence-spacer.kt-block-spacer-347_9f3794-f2 .kt-block-spacer{height:60px;}.wp-block-kadence-spacer.kt-block-spacer-347_9f3794-f2 .kt-divider{border-top-width:1px;height:1px;border-top-color:#eeeeee;width:80%;border-top-style:dashed;}<\/style>\n<div class=\"wp-block-kadence-spacer aligncenter kt-block-spacer-347_9f3794-f2\"><div class=\"kt-block-spacer kt-block-spacer-halign-center\"><hr class=\"kt-divider\"\/><\/div><\/div>\n\n\n\n<p>Intresserad? Vad bra!<br>H\u00e4r hittar du information om n\u00e5gra fr\u00e5gor som vi tycker \u00e4r viktiga.<br>\u00c4r du redan s\u00e4ker p\u00e5 att Eraskolan \u00e4r valet f\u00f6r er s\u00e5 finns det &#8221;g\u00f6r s\u00e5 h\u00e4r&#8221;-hj\u00e4lp l\u00e4ngre ned p\u00e5 sidan.<\/p>\n\n\n\n<p>Saknar du n\u00e5gon s\u00e4rskild information? Tveka inte att h\u00f6ra av dig. Ring 013-65000 eller mejla info@smaskolan.se s\u00e5 hj\u00e4lper vi dig s\u00e5 att du f\u00e5r den information som \u00f6nskas.<\/p>\n\n\n<style>.wp-block-kadence-advancedheading.kt-adv-heading347_10eb00-a5, .wp-block-kadence-advancedheading.kt-adv-heading347_10eb00-a5[data-kb-block=\"kb-adv-heading347_10eb00-a5\"]{font-style:normal;}.wp-block-kadence-advancedheading.kt-adv-heading347_10eb00-a5 mark.kt-highlight, .wp-block-kadence-advancedheading.kt-adv-heading347_10eb00-a5[data-kb-block=\"kb-adv-heading347_10eb00-a5\"] mark.kt-highlight{font-style:normal;color:#f76a0c;-webkit-box-decoration-break:clone;box-decoration-break:clone;padding-top:0px;padding-right:0px;padding-bottom:0px;padding-left:0px;}.wp-block-kadence-advancedheading.kt-adv-heading347_10eb00-a5 img.kb-inline-image, .wp-block-kadence-advancedheading.kt-adv-heading347_10eb00-a5[data-kb-block=\"kb-adv-heading347_10eb00-a5\"] img.kb-inline-image{width:150px;vertical-align:baseline;}<\/style>\n<h6 class=\"kt-adv-heading347_10eb00-a5 wp-block-kadence-advancedheading\" data-kb-block=\"kb-adv-heading347_10eb00-a5\">Till\u00e4mpad engelska<\/h6>\n\n\n\n<p>I v\u00e5r tid beh\u00f6ver v\u00e5ra barn goda spr\u00e5kkunskaper. D\u00e4rf\u00f6r satsar Eraskolan p\u00e5 att ocks\u00e5 tr\u00e4na anv\u00e4ndningen av engelska spr\u00e5ket lite mer. M\u00e5ls\u00e4ttningen \u00e4r att ge m\u00f6jligheter f\u00f6r v\u00e5ra elever att redan i ung \u00e5lder f\u00e5 en god grund i det viktiga andraspr\u00e5k som engelskan \u00e4r.<br>\u00a0<br>Som en del i detta arbete genomf\u00f6r Eraskolan samarbetsprojekt med andra skolor runt om i Europa. P\u00e5 det s\u00e4ttet f\u00e5r eleverna m\u00f6jlighet att anv\u00e4nda sina spr\u00e5kkunskaper &#8221;p\u00e5 riktigt&#8221; redan tidigt. F\u00f6r oss som arbetar p\u00e5 Eraskolan \u00e4r det gl\u00e4djande n\u00e4r eleverna motvilligt g\u00e5r hem en timme efter skoldagens slut, n\u00e4r vi m\u00e5ste l\u00e5sa f\u00f6r dagen\u2026 d\u00e5 de fortfarande arbetar med engelska spr\u00e5ket tillsammans med andra barn i andra l\u00e4nder.<\/p>\n\n\n<style>.wp-block-kadence-advancedheading.kt-adv-heading347_f43052-23, .wp-block-kadence-advancedheading.kt-adv-heading347_f43052-23[data-kb-block=\"kb-adv-heading347_f43052-23\"]{font-style:normal;}.wp-block-kadence-advancedheading.kt-adv-heading347_f43052-23 mark.kt-highlight, .wp-block-kadence-advancedheading.kt-adv-heading347_f43052-23[data-kb-block=\"kb-adv-heading347_f43052-23\"] mark.kt-highlight{font-style:normal;color:#f76a0c;-webkit-box-decoration-break:clone;box-decoration-break:clone;padding-top:0px;padding-right:0px;padding-bottom:0px;padding-left:0px;}.wp-block-kadence-advancedheading.kt-adv-heading347_f43052-23 img.kb-inline-image, .wp-block-kadence-advancedheading.kt-adv-heading347_f43052-23[data-kb-block=\"kb-adv-heading347_f43052-23\"] img.kb-inline-image{width:150px;vertical-align:baseline;}<\/style>\n<h6 class=\"kt-adv-heading347_f43052-23 wp-block-kadence-advancedheading\" data-kb-block=\"kb-adv-heading347_f43052-23\">Studiefokus<\/h6>\n\n\n\n<p>F\u00f6r Eraskolans elever, f\u00f6r\u00e4ldrar och personal s\u00e5 \u00e4r det en sj\u00e4lvklarhet att skolan \u00e4r viktig. Skolans kunskapsuppdrag fr\u00e5n staten inneb\u00e4r att alla skolor ska ha &#8221;studiero&#8221;. Hos oss har vi utvecklat begreppet vidare &#8211; hos oss har vi studiefokus. Studiefokus inneb\u00e4r att alla kring eleven \u00e4r inf\u00f6rst\u00e5dda i att skolan \u00e4r en kunskapande arbetsplats, d\u00e4r det f\u00f6r varje ber\u00f6rd person, s\u00e5v\u00e4l elever, f\u00f6r\u00e4ldrar som all personal, \u00e4r sj\u00e4lvklart att vi upptr\u00e4der respektfullt under v\u00e5r gemensamma tid. Vi ger varandra studiero f\u00f6r att alla ska f\u00e5 m\u00f6jlighet att n\u00e5 s\u00e5 l\u00e5ngt som m\u00f6jligt i sin kunskapsutveckling.<\/p>\n\n\n<style>.wp-block-kadence-advancedheading.kt-adv-heading347_1adcca-a8, .wp-block-kadence-advancedheading.kt-adv-heading347_1adcca-a8[data-kb-block=\"kb-adv-heading347_1adcca-a8\"]{font-style:normal;}.wp-block-kadence-advancedheading.kt-adv-heading347_1adcca-a8 mark.kt-highlight, .wp-block-kadence-advancedheading.kt-adv-heading347_1adcca-a8[data-kb-block=\"kb-adv-heading347_1adcca-a8\"] mark.kt-highlight{font-style:normal;color:#f76a0c;-webkit-box-decoration-break:clone;box-decoration-break:clone;padding-top:0px;padding-right:0px;padding-bottom:0px;padding-left:0px;}.wp-block-kadence-advancedheading.kt-adv-heading347_1adcca-a8 img.kb-inline-image, .wp-block-kadence-advancedheading.kt-adv-heading347_1adcca-a8[data-kb-block=\"kb-adv-heading347_1adcca-a8\"] img.kb-inline-image{width:150px;vertical-align:baseline;}<\/style>\n<h6 class=\"kt-adv-heading347_1adcca-a8 wp-block-kadence-advancedheading\" data-kb-block=\"kb-adv-heading347_1adcca-a8\">L\u00e4rart\u00e4thet<\/h6>\n\n\n\n<p>2 faktorer p\u00e5verkar l\u00e4rart\u00e4theten; Storleken p\u00e5 klasserna (se nedan) och hur l\u00e4rarresurserna anv\u00e4nds f\u00f6r klassernas b\u00e4sta. P\u00e5 Eraskolan har vi \u00e4nda sedan starten arbetat med utg\u00e5ngspunkt i ett &#8221;tv\u00e5-l\u00e4rarsystem&#8221;. Det inneb\u00e4r att vi s\u00e5 mycket som m\u00f6jligt av undervisningstiden f\u00f6rs\u00f6ker ha tv\u00e5 l\u00e4rare aktiva i klassen. Genom att ha denna tillg\u00e5ng kan vi hela tiden vara dynamiska i hur vi m\u00f6ter v\u00e5ra elevgrupper. Vad beh\u00f6vs s\u00e4rskilt n\u00e4r vi l\u00e4ser detta omr\u00e5de, i detta \u00e4mne? Hur kan vi g\u00f6ra s\u00e4rskilda anpassningar och insatser f\u00f6r att alla elevers kunskapsutveckling ska kunna gynnas\u2026<br>&nbsp;<br>Hos oss f\u00e5r l\u00e4rarna tid att vara l\u00e4rare, p\u00e5 riktigt. Fler \u00e4n en i v\u00e5rt l\u00e4rarlag har sett tydliga skillnader n\u00e4r de kommit till oss p\u00e5 Eraskolan &#8211; Hos oss hinner man vara l\u00e4raren man \u00f6nskar vara &#8211; den l\u00e4rare som f\u00e5r rimliga f\u00f6ruts\u00e4ttningar f\u00f6r att g\u00f6ra bra undervisning.<\/p>\n\n\n<style>.wp-block-kadence-advancedheading.kt-adv-heading347_e3a2f1-19, .wp-block-kadence-advancedheading.kt-adv-heading347_e3a2f1-19[data-kb-block=\"kb-adv-heading347_e3a2f1-19\"]{font-style:normal;}.wp-block-kadence-advancedheading.kt-adv-heading347_e3a2f1-19 mark.kt-highlight, .wp-block-kadence-advancedheading.kt-adv-heading347_e3a2f1-19[data-kb-block=\"kb-adv-heading347_e3a2f1-19\"] mark.kt-highlight{font-style:normal;color:#f76a0c;-webkit-box-decoration-break:clone;box-decoration-break:clone;padding-top:0px;padding-right:0px;padding-bottom:0px;padding-left:0px;}.wp-block-kadence-advancedheading.kt-adv-heading347_e3a2f1-19 img.kb-inline-image, .wp-block-kadence-advancedheading.kt-adv-heading347_e3a2f1-19[data-kb-block=\"kb-adv-heading347_e3a2f1-19\"] img.kb-inline-image{width:150px;vertical-align:baseline;}<\/style>\n<h6 class=\"kt-adv-heading347_e3a2f1-19 wp-block-kadence-advancedheading\" data-kb-block=\"kb-adv-heading347_e3a2f1-19\">Mindre klasser<\/h6>\n\n\n\n<p>Om en mellanstadieklass har 5 elever mindre s\u00e5 r\u00e4knar forskningen med att det ger ca 10% b\u00e4ttre resultat f\u00f6r en elev \u00e4ven i h\u00f6gstadiet. Forskningsresultatet \u00e4r viktigt och d\u00e4rf\u00f6r har Eraskolan mindre klasser och fler l\u00e4rare. Vi vet att m\u00e5nga av v\u00e5ra kollegor p\u00e5 kringliggande skolor brottas med stora elevgrupper, inte s\u00e4llan med fler \u00e4n 30 elever i klassen. Resultatet av att vi har mindre klasser \u00e4r att vi kan m\u00f6ta varje elev tidigare och ge personliga kunskapsutmaningar p\u00e5 ett helt annat s\u00e4tt \u00e4n de skolor som arbetar med st\u00f6rre elevgrupper.<br>&nbsp;<br>Kom och se vilken skillnad det g\u00f6r i studiero och d\u00e4rmed ocks\u00e5 i resultat!<\/p>\n\n\n<style>.wp-block-kadence-advancedheading.kt-adv-heading347_e4edd7-52, .wp-block-kadence-advancedheading.kt-adv-heading347_e4edd7-52[data-kb-block=\"kb-adv-heading347_e4edd7-52\"]{font-style:normal;}.wp-block-kadence-advancedheading.kt-adv-heading347_e4edd7-52 mark.kt-highlight, .wp-block-kadence-advancedheading.kt-adv-heading347_e4edd7-52[data-kb-block=\"kb-adv-heading347_e4edd7-52\"] mark.kt-highlight{font-style:normal;color:#f76a0c;-webkit-box-decoration-break:clone;box-decoration-break:clone;padding-top:0px;padding-right:0px;padding-bottom:0px;padding-left:0px;}.wp-block-kadence-advancedheading.kt-adv-heading347_e4edd7-52 img.kb-inline-image, .wp-block-kadence-advancedheading.kt-adv-heading347_e4edd7-52[data-kb-block=\"kb-adv-heading347_e4edd7-52\"] img.kb-inline-image{width:150px;vertical-align:baseline;}<\/style>\n<h6 class=\"kt-adv-heading347_e4edd7-52 wp-block-kadence-advancedheading\" data-kb-block=\"kb-adv-heading347_e4edd7-52\">Kom och tr\u00e4ffa oss!<\/h6>\n\n\n\n<p>Hur ska man veta hur det \u00e4r p\u00e5 Eraskolan?<br>M\u00e5nga v\u00e4ljer att titta p\u00e5 olika j\u00e4mf\u00f6relsesiffror mellan skolor. I dessa kan man se att det finns stora, stora skillnader mellan olika skolor i v\u00e5rt n\u00e4romr\u00e5de. Dessa \u00e4r viktiga men s\u00e4ger inte allt.<br>&nbsp;<br>S\u00e5 h\u00f6r av dig! Vi bokar mer \u00e4n g\u00e4rna en tid f\u00f6r dig\/er s\u00e5 att vi f\u00e5r tr\u00e4ffas s\u00e5 kan vi ber\u00e4tta mer om Eraskolan &#8211; Ljungsbros tryggaste mellanstadium, med ett stort kunskapsdriv.<\/p>\n\n\n<style>.wp-block-kadence-spacer.kt-block-spacer-347_37452d-b4 .kt-block-spacer{height:60px;}.wp-block-kadence-spacer.kt-block-spacer-347_37452d-b4 .kt-divider{border-top-width:1px;height:1px;border-top-color:#eee;width:80%;border-top-style:dashed;}<\/style>\n<div class=\"wp-block-kadence-spacer aligncenter kt-block-spacer-347_37452d-b4\"><div class=\"kt-block-spacer kt-block-spacer-halign-center\"><hr class=\"kt-divider\"\/><\/div><\/div>\n\n\n<style>.wp-block-kadence-advancedheading.kt-adv-heading347_c57ff9-4e, .wp-block-kadence-advancedheading.kt-adv-heading347_c57ff9-4e[data-kb-block=\"kb-adv-heading347_c57ff9-4e\"]{font-style:normal;}.wp-block-kadence-advancedheading.kt-adv-heading347_c57ff9-4e mark.kt-highlight, .wp-block-kadence-advancedheading.kt-adv-heading347_c57ff9-4e[data-kb-block=\"kb-adv-heading347_c57ff9-4e\"] mark.kt-highlight{font-style:normal;color:#f76a0c;-webkit-box-decoration-break:clone;box-decoration-break:clone;padding-top:0px;padding-right:0px;padding-bottom:0px;padding-left:0px;}.wp-block-kadence-advancedheading.kt-adv-heading347_c57ff9-4e img.kb-inline-image, .wp-block-kadence-advancedheading.kt-adv-heading347_c57ff9-4e[data-kb-block=\"kb-adv-heading347_c57ff9-4e\"] img.kb-inline-image{width:150px;vertical-align:baseline;}<\/style>\n<h4 class=\"kt-adv-heading347_c57ff9-4e wp-block-kadence-advancedheading\" data-kb-block=\"kb-adv-heading347_c57ff9-4e\">Att byta skola &#8211; G\u00f6r s\u00e5 h\u00e4r!<\/h4>\n\n\n\n<p>S\u00e5 hur g\u00e5r det till n\u00e4r man vill byta skola och f\u00e5 m\u00f6jlighet att ha sitt barn p\u00e5 Eraskolans mellanstadium?<br>&nbsp;<br><strong>Det hela \u00e4r enkelt<\/strong> &#8211; <a href=\"https:\/\/smaskolan.se\/?page_id=134\" data-type=\"URL\" data-id=\"https:\/\/smaskolan.se\/?page_id=134\">Fyll i v\u00e5rt webbformul\u00e4r eller en anm\u00e4lningsblankett<\/a> och skicka in till oss, s\u00e5 l\u00f6ser vi resten \u00e5t Er.<br>&nbsp;<br>H\u00f6r g\u00e4rna av dig innan, s\u00e5 lotsar vi dig\/er r\u00e4tt. Det finns olika alternativ f\u00f6r \u00f6verg\u00e5ngar och Eraskolan l\u00f6ser alltid dem tillsammans med f\u00f6r\u00e4ldrarna utifr\u00e5n varje situation.<br>&nbsp;<br>Eraskolan till\u00e4mpar principen &#8221;f\u00f6rst till kvarn&#8221;, vilken inneb\u00e4r att den elev som genomf\u00f6r sin \u00f6verg\u00e5ng f\u00f6rst ocks\u00e5 erbjuds plats f\u00f6rst. Varje \u00e5rskurs har ett begr\u00e4nsat antal platser. \u00d6verg\u00e5ng inf\u00f6r \u00e5rskurs 4 kan ske redan i \u00e5rskurs 3. Klurigt? Ring 013-65000 eller mejla info@smaskolan.se s\u00e5 hj\u00e4lper vi er vidare bums.<\/p>\n\n\n<style>.wp-block-kadence-advancedheading.kt-adv-heading347_f1d196-50, .wp-block-kadence-advancedheading.kt-adv-heading347_f1d196-50[data-kb-block=\"kb-adv-heading347_f1d196-50\"]{font-style:normal;}.wp-block-kadence-advancedheading.kt-adv-heading347_f1d196-50 mark.kt-highlight, .wp-block-kadence-advancedheading.kt-adv-heading347_f1d196-50[data-kb-block=\"kb-adv-heading347_f1d196-50\"] mark.kt-highlight{font-style:normal;color:#f76a0c;-webkit-box-decoration-break:clone;box-decoration-break:clone;padding-top:0px;padding-right:0px;padding-bottom:0px;padding-left:0px;}.wp-block-kadence-advancedheading.kt-adv-heading347_f1d196-50 img.kb-inline-image, .wp-block-kadence-advancedheading.kt-adv-heading347_f1d196-50[data-kb-block=\"kb-adv-heading347_f1d196-50\"] img.kb-inline-image{width:150px;vertical-align:baseline;}<\/style>\n<h4 class=\"kt-adv-heading347_f1d196-50 wp-block-kadence-advancedheading\" data-kb-block=\"kb-adv-heading347_f1d196-50\">Om Eraskolan<\/h4>\n\n\n\n<p>Eraskolan \u00e4r en del av Sm\u00e5skolan, som startade 2011. Sm\u00e5skolan har \u00e5rskurserna F-2 och Eraskolan \u00e5rskurserna 3-6. Skolan har idag drygt 140 elever, f\u00f6rdelade p\u00e5 tv\u00e5 skolor (F-2 samt 3-6).<br>\u00a0<br>Eraskolan har precis byggt en <strong>helt ny skola<\/strong> med rymliga lokaler, eget tillagningsk\u00f6k, specialsalar (t ex sl\u00f6jd och musik) och egen idrottssal. Till detta en fin skolg\u00e5rd.<br>\u00a0<br>P\u00e5 Eraskolan finns ett <strong>kvalificerat l\u00e4rarlag <\/strong>med stor pedagogisk kompetens och en vilja att varje barn ska f\u00e5 l\u00e4ra. Huvudmannen har vid tidigare kvalitetskontroller f\u00e5tt s\u00e4rskilt positiv uppm\u00e4rksamhet fr\u00e5n Skolinspektionen om att verksamheten m\u00f6ter alla elever, s\u00e5 v\u00e4l den som l\u00e4r sig l\u00e5ngsammare som den som l\u00e4r sig fort. Huvudmannen har ocks\u00e5 tillsammans med organisationen Friends f\u00e5tt vara exempelskola p\u00e5 n\u00e4r en skola lyckas med sitt antimobbningsarbete. En fin fj\u00e4der i hatten att f\u00e5 vara det goda exemplet. Andra samarbeten inkluderar forskningsprojekt i samarbete med Link\u00f6pings Universitet samt utvecklingsprojekt av olika slag. Eraskolans huvudman har genomf\u00f6rt utvecklingsprojekt tillsammans s\u00e5v\u00e4l Skolverket som Specialpedagogiska Skolmyndigheten (SPSM).<br>\u00a0<br>&#8211; Eraskolan \u00e4r och ska vara en skola d\u00e4r vi alla, f\u00f6r\u00e4ldrar, elever och l\u00e4rare m\u00f6ts i att <strong>skolan \u00e4r viktig<\/strong>. Hos oss arbetar vi h\u00e5rt f\u00f6r att alla elever ska f\u00e5 vara trygga. Genom tryggheten f\u00e5r vi en god grund att arbeta vidare med m\u00f6jligheter f\u00f6r goda resultat hos varje elev, oavsett vem man \u00e4r, s\u00e4ger rektor Fredrik P\u00e5hlsson.<br><br>Men nackdelar med skolan d\u00e5?<br>&#8211; Det \u00e4r viktigt att komma ih\u00e5g att en liten skolakt\u00f6r givetvis inte har samma m\u00f6jligheter som &#8221;de stora drakarna&#8221;. Vi v\u00e4lkomnar verkligen alla till oss, men det kan vara viktigt att i det ocks\u00e5 ha f\u00f6rst\u00e5else f\u00f6r att alla specialiteter som den mycket stora skolakt\u00f6ren kan erbjuda inte alltid finns tillg\u00e4ngligt hos en liten akt\u00f6r, avslutar rektor Fredrik<br><\/p>\n\n\n\n<p>F\u00f6r den som har behov erbjuder Eraskolan \u00e4ven fritidshem f\u00f6r elever hela v\u00e4gen upp till \u00e5rskurs 6, f\u00f6r elever i \u00e5rskurs 3 p\u00e5 &#8221;Gula fritids&#8221; och f\u00f6r elever i \u00e5rskurs 4, 5 och 6 p\u00e5 &#8221;46:an&#8221;.<\/p>\n","protected":false},"excerpt":{"rendered":"<p>Intresserad? Vad bra!H\u00e4r hittar du information om n\u00e5gra fr\u00e5gor som vi tycker \u00e4r viktiga.\u00c4r du redan s\u00e4ker p\u00e5 att Eraskolan \u00e4r valet f\u00f6r er s\u00e5 finns det &#8221;g\u00f6r s\u00e5 h\u00e4r&#8221;-hj\u00e4lp l\u00e4ngre ned p\u00e5 sidan. Saknar du n\u00e5gon s\u00e4rskild information? Tveka inte att h\u00f6ra av dig. Ring 013-65000 eller mejla info@smaskolan.se s\u00e5 hj\u00e4lper vi dig s\u00e5&#8230;<\/p>\n","protected":false},"author":1,"featured_media":0,"parent":0,"menu_order":0,"comment_status":"closed","ping_status":"closed","template":"","meta":{"_kad_post_transparent":"","_kad_post_title":"","_kad_post_layout":"","_kad_post_sidebar_id":"","_kad_post_content_style":"","_kad_post_vertical_padding":"","_kad_post_feature":"","_kad_post_feature_position":"","_kad_post_header":false,"_kad_post_footer":false,"footnotes":""},"class_list":["post-347","page","type-page","status-publish","hentry"],"_links":{"self":[{"href":"https:\/\/eraskolan.se\/index.php?rest_route=\/wp\/v2\/pages\/347","targetHints":{"allow":["GET"]}}],"collection":[{"href":"https:\/\/eraskolan.se\/index.php?rest_route=\/wp\/v2\/pages"}],"about":[{"href":"https:\/\/eraskolan.se\/index.php?rest_route=\/wp\/v2\/types\/page"}],"author":[{"embeddable":true,"href":"https:\/\/eraskolan.se\/index.php?rest_route=\/wp\/v2\/users\/1"}],"replies":[{"embeddable":true,"href":"https:\/\/eraskolan.se\/index.php?rest_route=%2Fwp%2Fv2%2Fcomments&post=347"}],"version-history":[{"count":101,"href":"https:\/\/eraskolan.se\/index.php?rest_route=\/wp\/v2\/pages\/347\/revisions"}],"predecessor-version":[{"id":926,"href":"https:\/\/eraskolan.se\/index.php?rest_route=\/wp\/v2\/pages\/347\/revisions\/926"}],"wp:attachment":[{"href":"https:\/\/eraskolan.se\/index.php?rest_route=%2Fwp%2Fv2%2Fmedia&parent=347"}],"curies":[{"name":"wp","href":"https:\/\/api.w.org\/{rel}","templated":true}]}}