{"id":41,"date":"2016-05-20T17:15:25","date_gmt":"2016-05-20T15:15:25","guid":{"rendered":"https:\/\/eraskolan.se\/?page_id=41"},"modified":"2024-12-17T13:13:33","modified_gmt":"2024-12-17T12:13:33","slug":"om-era-skolan","status":"publish","type":"page","link":"https:\/\/eraskolan.se\/?page_id=41","title":{"rendered":"Om Eraskolan"},"content":{"rendered":"<div id=\"pl-41\" class=\"panel-layout\">\n<div id=\"pg-41-0\" class=\"panel-grid panel-has-style\" data-style=\"{&quot;background_image_attachment&quot;:&quot;129&quot;,&quot;background_image_attachment_fallback&quot;:false,&quot;background_display&quot;:&quot;parallax&quot;,&quot;row_stretch&quot;:&quot;full&quot;}\">\n<div class=\"siteorigin-panels-stretch panel-row-style panel-row-style-for-41-0\" data-siteorigin-parallax=\"{&quot;backgroundUrl&quot;:&quot;http:\\\/\\\/eraskolan.se\\\/wp-content\\\/uploads\\\/2016\\\/05\\\/Sm\\u00e5skolan-Glatt-hoppande-barn-e1463855069288.jpg&quot;,&quot;backgroundSize&quot;:[2774,1272],&quot;backgroundSizing&quot;:&quot;scaled&quot;,&quot;limitMotion&quot;:&quot;auto&quot;}\" data-stretch-type=\"full\">\n<div id=\"pgc-41-0-0\" class=\"panel-grid-cell\" data-weight=\"1\">\n<div id=\"panel-41-0-0-0\" class=\"so-panel widget widget_black-studio-tinymce widget_black_studio_tinymce panel-first-child panel-last-child\" data-index=\"0\" data-style=\"{&quot;background_display&quot;:&quot;cover&quot;}\">\n<div class=\"textwidget\">\n<p style=\"text-align: center;\"><span class=\"about-headline\">Trygghet och kunskap g\u00e5r hand i hand.<\/span><\/p>\n<\/div>\n<\/div>\n<\/div>\n<\/div>\n<\/div>\n<div id=\"pg-41-1\" class=\"panel-grid panel-no-style\">\n<div id=\"pgc-41-1-0\" class=\"panel-grid-cell panel-grid-cell-empty\" data-weight=\"0.15\"><\/div>\n<div id=\"pgc-41-1-1\" class=\"panel-grid-cell panel-grid-cell-mobile-last\" data-weight=\"0.7\">\n<div id=\"panel-41-1-1-0\" class=\"so-panel widget widget_black-studio-tinymce widget_black_studio_tinymce panel-first-child panel-last-child\" data-index=\"1\" data-style=\"{&quot;background_image_attachment&quot;:false,&quot;background_display&quot;:&quot;tile&quot;}\">\n<div class=\"textwidget\">\n<p style=\"text-align: center;\"><span class=\"about-text\">Bra skola. P\u00e5 riktigt.<br \/>\nEraskolan \u2013 skolan f\u00f6r familjer som vet att trygghet och kunskap i skolan ger m\u00f6jligheter f\u00f6r livet. Trygghet och kunskap \u00e4r v\u00e5ra ledord.<\/span><\/p>\n<p style=\"text-align: center;\"><span class=\"about-text2\">Med mindre klasser och en varm skolatmosf\u00e4r, med undervisning baserad p\u00e5 den vanliga l\u00e4roplanens kursplaner och v\u00e4lutbildad, engagerad personal skapar vi en skola att trivas i och l\u00e4ngta till. Eraskolan \u00e4r en del av Sm\u00e5skolan och har idag drygt 140 elever, f\u00f6rdelade p\u00e5 en klass i varje \u00e5rskurs F-6.*<\/span><\/p>\n<p style=\"text-align: center;\">* \u00c4r du intresserad av \u00e5rskurserna F-2 s\u00e5 h\u00e4nvisar vi till v\u00e5r systerskola Sm\u00e5skolan f\u00f6r mer information, <a href=\"http:\/\/www.smaskolan.se\">www.smaskolan.se<\/a><\/p>\n<\/div>\n<\/div>\n<\/div>\n<div id=\"pgc-41-1-2\" class=\"panel-grid-cell panel-grid-cell-empty\" data-weight=\"0.15\"><\/div>\n<\/div>\n<div id=\"pg-41-2\" class=\"panel-grid panel-has-style\" data-style=\"{&quot;background_display&quot;:&quot;tile&quot;,&quot;gutter&quot;:&quot;0px&quot;,&quot;row_stretch&quot;:&quot;full-stretched&quot;}\">\n<div class=\"siteorigin-panels-stretch panel-row-style panel-row-style-for-41-2\" data-stretch-type=\"full-stretched\">\n<div id=\"pgc-41-2-0\" class=\"panel-grid-cell\" data-weight=\"0.25\">\n<div id=\"panel-41-2-0-0\" class=\"so-panel widget widget_black-studio-tinymce widget_black_studio_tinymce panel-first-child panel-last-child\" data-index=\"2\" data-style=\"{&quot;background_image_attachment&quot;:&quot;158&quot;,&quot;background_image_attachment_fallback&quot;:false,&quot;background_display&quot;:&quot;cover&quot;}\">\n<div class=\"panel-widget-style panel-widget-style-for-41-2-0-0\">\n<div class=\"textwidget\">\n<span class=\"\" style=\"display:block;clear:both;height: 0px;padding-top: 250px;border-top-width:0px;border-bottom-width:0px;\"><\/span>\n<p>.<\/p>\n<p>.<\/p>\n<p>.<\/p>\n<p>.<\/p>\n<p>.<\/p>\n<p>.<\/p>\n<p>.<\/p>\n<p>.<\/p>\n<p>.<\/p>\n<p>.<\/p>\n<p>.<\/p>\n<p>.<\/p>\n<p>.<\/p>\n<p>.<\/p>\n<p>.<\/p>\n<\/div>\n<\/div>\n<\/div>\n<\/div>\n<div id=\"pgc-41-2-1\" class=\"panel-grid-cell\" data-weight=\"0.25\">\n<div id=\"panel-41-2-1-0\" class=\"so-panel widget widget_black-studio-tinymce widget_black_studio_tinymce panel-first-child panel-last-child\" data-index=\"3\" data-style=\"{&quot;background_image_attachment&quot;:&quot;146&quot;,&quot;background_image_attachment_fallback&quot;:false,&quot;background_display&quot;:&quot;cover&quot;}\">\n<div class=\"panel-widget-style panel-widget-style-for-41-2-1-0\">\n<div class=\"textwidget\">\n<span class=\"\" style=\"display:block;clear:both;height: 0px;padding-top: 250px;border-top-width:0px;border-bottom-width:0px;\"><\/span>\n<p>.<\/p>\n<p>.<\/p>\n<p>.<\/p>\n<p>.<\/p>\n<p>.<\/p>\n<p>.<\/p>\n<p>.<\/p>\n<p>.<\/p>\n<p>.<\/p>\n<p>.<\/p>\n<p>.<\/p>\n<p>.<\/p>\n<p>.<\/p>\n<p>.<\/p>\n<p>.<\/p>\n<\/div>\n<\/div>\n<\/div>\n<\/div>\n<div id=\"pgc-41-2-2\" class=\"panel-grid-cell\" data-weight=\"0.25\">\n<div id=\"panel-41-2-2-0\" class=\"so-panel widget widget_black-studio-tinymce widget_black_studio_tinymce panel-first-child panel-last-child\" data-index=\"4\" data-style=\"{&quot;background_image_attachment&quot;:&quot;149&quot;,&quot;background_image_attachment_fallback&quot;:false,&quot;background_display&quot;:&quot;cover&quot;}\">\n<div class=\"panel-widget-style panel-widget-style-for-41-2-2-0\">\n<div class=\"textwidget\">\n<p style=\"text-align: center;\"><span class=\"\" style=\"display:block;clear:both;height: 0px;padding-top: 250px;border-top-width:0px;border-bottom-width:0px;\"><\/span><\/p>\n<p style=\"text-align: center;\">.<\/p>\n<p style=\"text-align: center;\">.<\/p>\n<p style=\"text-align: center;\">.<\/p>\n<p style=\"text-align: center;\">.<\/p>\n<p style=\"text-align: center;\">.<\/p>\n<p style=\"text-align: center;\">.<\/p>\n<p style=\"text-align: center;\">.<\/p>\n<p style=\"text-align: center;\">.<\/p>\n<p style=\"text-align: center;\">.<\/p>\n<p style=\"text-align: center;\">.<\/p>\n<p style=\"text-align: center;\">.<\/p>\n<p style=\"text-align: center;\">.<\/p>\n<p style=\"text-align: center;\">.<\/p>\n<p style=\"text-align: center;\">.<\/p>\n<p style=\"text-align: center;\">.<\/p>\n<p style=\"text-align: center;\">.<\/p>\n<\/div>\n<\/div>\n<\/div>\n<\/div>\n<div id=\"pgc-41-2-3\" class=\"panel-grid-cell\" data-weight=\"0.25\">\n<div id=\"panel-41-2-3-0\" class=\"so-panel widget widget_black-studio-tinymce widget_black_studio_tinymce panel-first-child panel-last-child\" data-index=\"5\" data-style=\"{&quot;background_image_attachment&quot;:&quot;150&quot;,&quot;background_image_attachment_fallback&quot;:false,&quot;background_display&quot;:&quot;cover&quot;}\">\n<div class=\"panel-widget-style panel-widget-style-for-41-2-3-0\">\n<div class=\"textwidget\">\n<p style=\"text-align: right;\"><span class=\"\" style=\"display:block;clear:both;height: 0px;padding-top: 250px;border-top-width:0px;border-bottom-width:0px;\"><\/span><\/p>\n<p style=\"text-align: right;\">.<\/p>\n<p style=\"text-align: right;\">.<\/p>\n<p style=\"text-align: right;\">.<\/p>\n<p style=\"text-align: right;\">.<\/p>\n<p style=\"text-align: right;\">.<\/p>\n<p style=\"text-align: right;\">.<\/p>\n<p style=\"text-align: right;\">.<\/p>\n<p style=\"text-align: right;\">.<\/p>\n<p style=\"text-align: right;\">.<\/p>\n<p style=\"text-align: right;\">.<\/p>\n<p style=\"text-align: right;\">.<\/p>\n<p style=\"text-align: right;\">.<\/p>\n<p style=\"text-align: right;\">.<\/p>\n<p style=\"text-align: right;\">.<\/p>\n<p style=\"text-align: right;\">.<\/p>\n<p style=\"text-align: right;\">.<\/p>\n<\/div>\n<\/div>\n<\/div>\n<\/div>\n<\/div>\n<\/div>\n<div id=\"pg-41-3\" class=\"panel-grid panel-no-style\" data-style=\"{&quot;background_display&quot;:&quot;tile&quot;}\">\n<div id=\"pgc-41-3-0\" class=\"panel-grid-cell panel-grid-cell-empty\" data-weight=\"0.15\"><\/div>\n<div id=\"pgc-41-3-1\" class=\"panel-grid-cell panel-grid-cell-mobile-last\" data-weight=\"0.7\">\n<div id=\"panel-41-3-1-0\" class=\"so-panel widget widget_black-studio-tinymce widget_black_studio_tinymce panel-first-child panel-last-child\" data-index=\"6\" data-style=\"{&quot;background_image_attachment&quot;:false,&quot;background_display&quot;:&quot;tile&quot;}\">\n<div class=\"textwidget\">\n<p style=\"text-align: center;\"><span class=\"about-text\">F\u00f6r att vara laddad f\u00f6r livet beh\u00f6ver vi idag goda spr\u00e5kkunskaper. D\u00e4rf\u00f6r l\u00e4ser v\u00e5ra elever mer engelska. P\u00e5 Eraskolan \u00e4r IT, musik och att r\u00f6ra p\u00e5 sig ocks\u00e5 delar av en bra skolvardag f\u00f6r att utrustas v\u00e4l.<br \/>\n<\/span><\/p>\n<\/div>\n<\/div>\n<\/div>\n<div id=\"pgc-41-3-2\" class=\"panel-grid-cell panel-grid-cell-empty\" data-weight=\"0.15\"><\/div>\n<\/div>\n<\/div>\n","protected":false},"excerpt":{"rendered":"<p>Trygghet och kunskap g\u00e5r hand i hand. Bra skola. P\u00e5 riktigt. Eraskolan \u2013 skolan f\u00f6r familjer som vet att trygghet och kunskap i skolan ger m\u00f6jligheter f\u00f6r livet. Trygghet och kunskap \u00e4r v\u00e5ra ledord. Med mindre klasser och en varm skolatmosf\u00e4r, med undervisning baserad p\u00e5 den vanliga l\u00e4roplanens kursplaner och v\u00e4lutbildad, engagerad personal skapar vi&#8230;<\/p>\n","protected":false},"author":1,"featured_media":0,"parent":0,"menu_order":0,"comment_status":"closed","ping_status":"closed","template":"","meta":{"_kad_post_transparent":"","_kad_post_title":"","_kad_post_layout":"","_kad_post_sidebar_id":"","_kad_post_content_style":"","_kad_post_vertical_padding":"","_kad_post_feature":"","_kad_post_feature_position":"","_kad_post_header":false,"_kad_post_footer":false,"footnotes":""},"class_list":["post-41","page","type-page","status-publish","hentry"],"_links":{"self":[{"href":"https:\/\/eraskolan.se\/index.php?rest_route=\/wp\/v2\/pages\/41","targetHints":{"allow":["GET"]}}],"collection":[{"href":"https:\/\/eraskolan.se\/index.php?rest_route=\/wp\/v2\/pages"}],"about":[{"href":"https:\/\/eraskolan.se\/index.php?rest_route=\/wp\/v2\/types\/page"}],"author":[{"embeddable":true,"href":"https:\/\/eraskolan.se\/index.php?rest_route=\/wp\/v2\/users\/1"}],"replies":[{"embeddable":true,"href":"https:\/\/eraskolan.se\/index.php?rest_route=%2Fwp%2Fv2%2Fcomments&post=41"}],"version-history":[{"count":28,"href":"https:\/\/eraskolan.se\/index.php?rest_route=\/wp\/v2\/pages\/41\/revisions"}],"predecessor-version":[{"id":933,"href":"https:\/\/eraskolan.se\/index.php?rest_route=\/wp\/v2\/pages\/41\/revisions\/933"}],"wp:attachment":[{"href":"https:\/\/eraskolan.se\/index.php?rest_route=%2Fwp%2Fv2%2Fmedia&parent=41"}],"curies":[{"name":"wp","href":"https:\/\/api.w.org\/{rel}","templated":true}]}}