{"id":43,"date":"2016-05-20T17:15:39","date_gmt":"2016-05-20T15:15:39","guid":{"rendered":"https:\/\/eraskolan.se\/?page_id=43"},"modified":"2025-01-16T16:22:54","modified_gmt":"2025-01-16T15:22:54","slug":"kontakt","status":"publish","type":"page","link":"https:\/\/eraskolan.se\/?page_id=43","title":{"rendered":"Kontakt mm"},"content":{"rendered":"<p><span class=\"services-headline\">Eraskolan<\/span><br \/>\n<strong>Telefon<\/strong> 013-65000 (exp)<br \/>\n<strong>Bes\u00f6ksadress<\/strong> Bernhards Gr\u00e4nd 7, 585 71 Ljungsbro<br \/>\n<strong>Postadress<\/strong> Eraskolan\/Sm\u00e5skolan, Allhelgonagatan 7, 585 71 Ljungsbro<br \/>\n<strong>E-post<\/strong> info@eraskolan.se<\/p>\n<hr \/>\n<p><span class=\"services-headline\">Id\u00e9er, synpunkter &amp; klagom\u00e5l<\/span><br \/>\nP\u00e5 Sm\u00e5skolan &amp; Eraskolan vill vi alltid vidareutveckla v\u00e5ra verksamheter. D\u00e4rf\u00f6r tar vi g\u00e4rna emot dina utvecklingsf\u00f6rslag, synpunkter och klagom\u00e5l. Detta \u00e4r en del av v\u00e5rt systematiska kvalitetsarbete som \u00e4r st\u00e4ndigt p\u00e5g\u00e5ende.<br \/>\nDen enklaste v\u00e4gen att framf\u00f6ra id\u00e9er, \u00e5sikter och synpunkter \u00e4r att samtala med l\u00e4rare, rektor eller annan personal direkt. P\u00e5 det s\u00e4ttet kan du f\u00e5 svar direkt ifr\u00e5n den eller de som ber\u00f6rs av din synpunkt eller ditt klagom\u00e5l.<br \/>\nL\u00e4s mer p\u00e5 <a href=\"http:\/\/smaskolan.se\/?page_id=1747\">Sm\u00e5skolans hemsida<\/a>!<\/p>\n<hr \/>\n<p>Anteckningar fr\u00e5n det senaste f\u00f6r\u00e4ldrar\u00e5det hittar du <a href=\"https:\/\/smaskolan.se\/?page_id=604\">h\u00e4r<\/a>.<\/p>\n<hr \/>\n<p><img loading=\"lazy\" decoding=\"async\" class=\"size-full wp-image-485\" src=\"https:\/\/eraskolan.se\/wp-content\/uploads\/2016\/05\/GDPR-2.png\" alt=\"GDPR\" width=\"600\" height=\"200\" srcset=\"https:\/\/eraskolan.se\/wp-content\/uploads\/2016\/05\/GDPR-2.png 600w, https:\/\/eraskolan.se\/wp-content\/uploads\/2016\/05\/GDPR-2-300x100.png 300w\" sizes=\"auto, (max-width: 600px) 100vw, 600px\" \/><br \/>\n<span class=\"\" style=\"display:block;clear:both;height: 0px;padding-top: 380px;border-top-width:0px;border-bottom-width:0px;\"><\/span><\/p>\n<p>.<\/p>\n<p>.<\/p>\n<p>.<\/p>\n<p>.<\/p>\n<p>.<\/p>\n<p>.<\/p>\n<p>.<\/p>\n<p>.<\/p>\n<p>.<\/p>\n<p>.<\/p>\n<p>.<\/p>\n<p>.<\/p>\n<p>.<\/p>\n<p>.<\/p>\n<p>[contact-form-7 id=&#8221;51&#8243; title=&#8221;Kontaktformul\u00e4r 1&#8243;]<\/p>\n","protected":false},"excerpt":{"rendered":"<p>Eraskolan Telefon 013-65000 (exp) Bes\u00f6ksadress Bernhards Gr\u00e4nd 7, 585 71 Ljungsbro Postadress Eraskolan\/Sm\u00e5skolan, Allhelgonagatan 7, 585 71 Ljungsbro E-post info@eraskolan.se Id\u00e9er, synpunkter &amp; klagom\u00e5l P\u00e5 Sm\u00e5skolan &amp; Eraskolan vill vi alltid vidareutveckla v\u00e5ra verksamheter. D\u00e4rf\u00f6r tar vi g\u00e4rna emot dina utvecklingsf\u00f6rslag, synpunkter och klagom\u00e5l. Detta \u00e4r en del av v\u00e5rt systematiska kvalitetsarbete som \u00e4r st\u00e4ndigt&#8230;<\/p>\n","protected":false},"author":1,"featured_media":0,"parent":0,"menu_order":0,"comment_status":"closed","ping_status":"closed","template":"","meta":{"_kad_post_transparent":"","_kad_post_title":"","_kad_post_layout":"","_kad_post_sidebar_id":"","_kad_post_content_style":"","_kad_post_vertical_padding":"","_kad_post_feature":"","_kad_post_feature_position":"","_kad_post_header":false,"_kad_post_footer":false,"footnotes":""},"class_list":["post-43","page","type-page","status-publish","hentry"],"_links":{"self":[{"href":"https:\/\/eraskolan.se\/index.php?rest_route=\/wp\/v2\/pages\/43","targetHints":{"allow":["GET"]}}],"collection":[{"href":"https:\/\/eraskolan.se\/index.php?rest_route=\/wp\/v2\/pages"}],"about":[{"href":"https:\/\/eraskolan.se\/index.php?rest_route=\/wp\/v2\/types\/page"}],"author":[{"embeddable":true,"href":"https:\/\/eraskolan.se\/index.php?rest_route=\/wp\/v2\/users\/1"}],"replies":[{"embeddable":true,"href":"https:\/\/eraskolan.se\/index.php?rest_route=%2Fwp%2Fv2%2Fcomments&post=43"}],"version-history":[{"count":21,"href":"https:\/\/eraskolan.se\/index.php?rest_route=\/wp\/v2\/pages\/43\/revisions"}],"predecessor-version":[{"id":938,"href":"https:\/\/eraskolan.se\/index.php?rest_route=\/wp\/v2\/pages\/43\/revisions\/938"}],"wp:attachment":[{"href":"https:\/\/eraskolan.se\/index.php?rest_route=%2Fwp%2Fv2%2Fmedia&parent=43"}],"curies":[{"name":"wp","href":"https:\/\/api.w.org\/{rel}","templated":true}]}}